{"id":2227,"date":"2021-08-25T10:01:15","date_gmt":"2021-08-25T13:01:15","guid":{"rendered":"https:\/\/www.aliasgestao.com.br\/?page_id=2227"},"modified":"2022-12-01T11:02:54","modified_gmt":"2022-12-01T14:02:54","slug":"fale-com-o-depo","status":"publish","type":"page","link":"https:\/\/www.agemais.net.br\/index.php\/fale-com-o-depo\/","title":{"rendered":"Fale com o DPO"},"content":{"rendered":"\t\t<div data-elementor-type=\"wp-page\" data-elementor-id=\"2227\" class=\"elementor elementor-2227\" data-elementor-settings=\"{&quot;ha_cmc_init_switcher&quot;:&quot;no&quot;}\" data-elementor-post-type=\"page\">\n\t\t\t\t\t\t<section class=\"elementor-section elementor-top-section elementor-element elementor-element-6f711ca elementor-section-full_width elementor-section-height-min-height elementor-section-stretched elementor-section-content-middle elementor-section-height-default elementor-section-items-middle\" data-id=\"6f711ca\" data-element_type=\"section\" data-e-type=\"section\" data-settings=\"{&quot;stretch_section&quot;:&quot;section-stretched&quot;,&quot;background_background&quot;:&quot;classic&quot;,&quot;_ha_eqh_enable&quot;:false}\">\n\t\t\t\t\t\t\t<div class=\"elementor-background-overlay\"><\/div>\n\t\t\t\t\t\t\t<div class=\"elementor-container elementor-column-gap-default\">\n\t\t\t\t\t<div class=\"elementor-column elementor-col-100 elementor-top-column elementor-element elementor-element-388cdcd\" data-id=\"388cdcd\" data-element_type=\"column\" data-e-type=\"column\">\n\t\t\t<div class=\"elementor-widget-wrap elementor-element-populated\">\n\t\t\t\t\t\t<div class=\"elementor-element elementor-element-e87bbb7 elementor-widget elementor-widget-spacer\" data-id=\"e87bbb7\" data-element_type=\"widget\" data-e-type=\"widget\" data-widget_type=\"spacer.default\">\n\t\t\t\t<div class=\"elementor-widget-container\">\n\t\t\t\t\t\t\t<div class=\"elementor-spacer\">\n\t\t\t<div class=\"elementor-spacer-inner\"><\/div>\n\t\t<\/div>\n\t\t\t\t\t\t<\/div>\n\t\t\t\t<\/div>\n\t\t\t\t<div class=\"elementor-element elementor-element-1a477f9 elementor-widget elementor-widget-heading\" data-id=\"1a477f9\" data-element_type=\"widget\" data-e-type=\"widget\" data-widget_type=\"heading.default\">\n\t\t\t\t<div class=\"elementor-widget-container\">\n\t\t\t\t\t<h1 class=\"elementor-heading-title elementor-size-default\">FALE COM O DPO<\/h1>\t\t\t\t<\/div>\n\t\t\t\t<\/div>\n\t\t\t\t\t<\/div>\n\t\t<\/div>\n\t\t\t\t\t<\/div>\n\t\t<\/section>\n\t\t\t\t<section class=\"elementor-section elementor-top-section elementor-element elementor-element-c8e69be elementor-section-height-min-height elementor-section-boxed elementor-section-height-default elementor-section-items-middle\" data-id=\"c8e69be\" data-element_type=\"section\" data-e-type=\"section\" data-settings=\"{&quot;background_background&quot;:&quot;classic&quot;,&quot;_ha_eqh_enable&quot;:false}\">\n\t\t\t\t\t\t<div class=\"elementor-container elementor-column-gap-default\">\n\t\t\t\t\t<div class=\"elementor-column elementor-col-33 elementor-top-column elementor-element elementor-element-63911f8 elementor-hidden-phone\" data-id=\"63911f8\" data-element_type=\"column\" data-e-type=\"column\" data-settings=\"{&quot;background_background&quot;:&quot;classic&quot;}\">\n\t\t\t<div class=\"elementor-widget-wrap elementor-element-populated\">\n\t\t\t\t\t<div class=\"elementor-background-overlay\"><\/div>\n\t\t\t\t\t\t<div class=\"elementor-element elementor-element-7776d3b elementor-widget elementor-widget-spacer\" data-id=\"7776d3b\" data-element_type=\"widget\" data-e-type=\"widget\" data-widget_type=\"spacer.default\">\n\t\t\t\t<div class=\"elementor-widget-container\">\n\t\t\t\t\t\t\t<div class=\"elementor-spacer\">\n\t\t\t<div class=\"elementor-spacer-inner\"><\/div>\n\t\t<\/div>\n\t\t\t\t\t\t<\/div>\n\t\t\t\t<\/div>\n\t\t\t\t\t<\/div>\n\t\t<\/div>\n\t\t\t\t<div class=\"elementor-column elementor-col-33 elementor-top-column elementor-element elementor-element-ec0efff\" data-id=\"ec0efff\" data-element_type=\"column\" data-e-type=\"column\">\n\t\t\t<div class=\"elementor-widget-wrap\">\n\t\t\t\t\t\t\t<\/div>\n\t\t<\/div>\n\t\t\t\t<div class=\"elementor-column elementor-col-33 elementor-top-column elementor-element elementor-element-b289365\" data-id=\"b289365\" data-element_type=\"column\" data-e-type=\"column\">\n\t\t\t<div class=\"elementor-widget-wrap elementor-element-populated\">\n\t\t\t\t\t\t<div class=\"elementor-element elementor-element-e8afdd6 elementor-widget elementor-widget-heading\" data-id=\"e8afdd6\" data-element_type=\"widget\" data-e-type=\"widget\" data-widget_type=\"heading.default\">\n\t\t\t\t<div class=\"elementor-widget-container\">\n\t\t\t\t\t<h2 class=\"elementor-heading-title elementor-size-default\">Fale com o DPO<\/h2>\t\t\t\t<\/div>\n\t\t\t\t<\/div>\n\t\t\t\t<div class=\"elementor-element elementor-element-46c2543 elementor-widget-divider--view-line elementor-widget elementor-widget-divider\" data-id=\"46c2543\" data-element_type=\"widget\" data-e-type=\"widget\" data-widget_type=\"divider.default\">\n\t\t\t\t<div class=\"elementor-widget-container\">\n\t\t\t\t\t\t\t<div class=\"elementor-divider\">\n\t\t\t<span class=\"elementor-divider-separator\">\n\t\t\t\t\t\t<\/span>\n\t\t<\/div>\n\t\t\t\t\t\t<\/div>\n\t\t\t\t<\/div>\n\t\t\t\t<div class=\"elementor-element elementor-element-4b4ca1c elementor-widget elementor-widget-text-editor\" data-id=\"4b4ca1c\" data-element_type=\"widget\" data-e-type=\"widget\" data-widget_type=\"text-editor.default\">\n\t\t\t\t<div class=\"elementor-widget-container\">\n\t\t\t\t\t\t\t\t\t<p>Em aten\u00e7\u00e3o ao artigo 41 da Lei 13.709\/2018, comunicamos que o colaborador <strong>Fernando Miner Navarro<\/strong> est\u00e1 nomeado para atuar como <strong>ENCARREGADO DE DADOS (DATA PROTECTION OFFICER &#8211; DPO)<\/strong> da Agemais Gest\u00e3o Empresarial, e pode ser contatado atrav\u00e9s dos seguintes canais:<\/p><p><strong>Endere\u00e7o<\/strong>: Rua Reinaldino Schaffenberg de Quadros, 1529, CEP: 80.050-435, Cristo Rei<br \/><strong>Telefone<\/strong>: (41) 99193-3676 <br \/><strong>E-mail<\/strong>: dpo@agemais.net.br<\/p>\t\t\t\t\t\t\t\t<\/div>\n\t\t\t\t<\/div>\n\t\t\t\t\t<\/div>\n\t\t<\/div>\n\t\t\t\t\t<\/div>\n\t\t<\/section>\n\t\t\t\t<section class=\"elementor-section elementor-top-section elementor-element elementor-element-cbe41c1 elementor-section-boxed elementor-section-height-default elementor-section-height-default\" data-id=\"cbe41c1\" data-element_type=\"section\" data-e-type=\"section\" data-settings=\"{&quot;_ha_eqh_enable&quot;:false}\">\n\t\t\t\t\t\t<div class=\"elementor-container elementor-column-gap-default\">\n\t\t\t\t\t<div class=\"elementor-column elementor-col-50 elementor-top-column elementor-element elementor-element-da659d3\" data-id=\"da659d3\" data-element_type=\"column\" data-e-type=\"column\">\n\t\t\t<div class=\"elementor-widget-wrap elementor-element-populated\">\n\t\t\t\t\t\t<div class=\"elementor-element elementor-element-f27673c elementor-widget elementor-widget-image\" data-id=\"f27673c\" data-element_type=\"widget\" data-e-type=\"widget\" data-widget_type=\"image.default\">\n\t\t\t\t<div class=\"elementor-widget-container\">\n\t\t\t\t\t\t\t\t\t\t\t\t\t\t\t<img fetchpriority=\"high\" decoding=\"async\" width=\"580\" height=\"387\" src=\"https:\/\/www.agemais.net.br\/wp-content\/uploads\/2021\/08\/close-up-photo-of-young-successful-business-man-in-black-suit-1024x683.jpg\" class=\"attachment-large size-large wp-image-2393\" alt=\"\" srcset=\"https:\/\/www.agemais.net.br\/wp-content\/uploads\/2021\/08\/close-up-photo-of-young-successful-business-man-in-black-suit-1024x683.jpg 1024w, https:\/\/www.agemais.net.br\/wp-content\/uploads\/2021\/08\/close-up-photo-of-young-successful-business-man-in-black-suit-300x200.jpg 300w, https:\/\/www.agemais.net.br\/wp-content\/uploads\/2021\/08\/close-up-photo-of-young-successful-business-man-in-black-suit-768x512.jpg 768w, https:\/\/www.agemais.net.br\/wp-content\/uploads\/2021\/08\/close-up-photo-of-young-successful-business-man-in-black-suit-1200x800.jpg 1200w, https:\/\/www.agemais.net.br\/wp-content\/uploads\/2021\/08\/close-up-photo-of-young-successful-business-man-in-black-suit.jpg 1500w\" sizes=\"(max-width: 580px) 100vw, 580px\" \/>\t\t\t\t\t\t\t\t\t\t\t\t\t\t\t<\/div>\n\t\t\t\t<\/div>\n\t\t\t\t\t<\/div>\n\t\t<\/div>\n\t\t\t\t<div class=\"elementor-column elementor-col-50 elementor-top-column elementor-element elementor-element-b8069d2\" data-id=\"b8069d2\" data-element_type=\"column\" data-e-type=\"column\">\n\t\t\t<div class=\"elementor-widget-wrap\">\n\t\t\t\t\t\t\t<\/div>\n\t\t<\/div>\n\t\t\t\t\t<\/div>\n\t\t<\/section>\n\t\t\t\t<\/div>\n\t\t","protected":false},"excerpt":{"rendered":"<p>FALE COM O DPO Fale com o DPO Em aten\u00e7\u00e3o ao artigo 41 da Lei 13.709\/2018, comunicamos que o colaborador Fernando Miner Navarro est\u00e1 nomeado para atuar como ENCARREGADO DE DADOS (DATA PROTECTION OFFICER &#8211; DPO) da Agemais Gest\u00e3o Empresarial, e pode ser contatado atrav\u00e9s dos seguintes canais: Endere\u00e7o: Rua Reinaldino Schaffenberg de Quadros, 1529, [&hellip;]<\/p>\n","protected":false},"author":1,"featured_media":0,"parent":0,"menu_order":0,"comment_status":"closed","ping_status":"closed","template":"elementor_header_footer","meta":{"inline_featured_image":false,"footnotes":""},"class_list":["post-2227","page","type-page","status-publish","hentry"],"_links":{"self":[{"href":"https:\/\/www.agemais.net.br\/index.php\/wp-json\/wp\/v2\/pages\/2227","targetHints":{"allow":["GET"]}}],"collection":[{"href":"https:\/\/www.agemais.net.br\/index.php\/wp-json\/wp\/v2\/pages"}],"about":[{"href":"https:\/\/www.agemais.net.br\/index.php\/wp-json\/wp\/v2\/types\/page"}],"author":[{"embeddable":true,"href":"https:\/\/www.agemais.net.br\/index.php\/wp-json\/wp\/v2\/users\/1"}],"replies":[{"embeddable":true,"href":"https:\/\/www.agemais.net.br\/index.php\/wp-json\/wp\/v2\/comments?post=2227"}],"version-history":[{"count":12,"href":"https:\/\/www.agemais.net.br\/index.php\/wp-json\/wp\/v2\/pages\/2227\/revisions"}],"predecessor-version":[{"id":3357,"href":"https:\/\/www.agemais.net.br\/index.php\/wp-json\/wp\/v2\/pages\/2227\/revisions\/3357"}],"wp:attachment":[{"href":"https:\/\/www.agemais.net.br\/index.php\/wp-json\/wp\/v2\/media?parent=2227"}],"curies":[{"name":"wp","href":"https:\/\/api.w.org\/{rel}","templated":true}]}}