{"id":2288,"date":"2021-08-25T10:42:14","date_gmt":"2021-08-25T13:42:14","guid":{"rendered":"https:\/\/www.aliasgestao.com.br\/?page_id=2288"},"modified":"2022-11-30T17:24:37","modified_gmt":"2022-11-30T20:24:37","slug":"canal-do-titular-de-dados","status":"publish","type":"page","link":"https:\/\/www.agemais.net.br\/index.php\/canal-do-titular-de-dados\/","title":{"rendered":"Canal do Titular de Dados"},"content":{"rendered":"\t\t<div data-elementor-type=\"wp-page\" data-elementor-id=\"2288\" class=\"elementor elementor-2288\" data-elementor-settings=\"{&quot;ha_cmc_init_switcher&quot;:&quot;no&quot;}\" data-elementor-post-type=\"page\">\n\t\t\t\t\t\t<section class=\"elementor-section elementor-top-section elementor-element elementor-element-6932aba elementor-section-full_width elementor-section-height-min-height elementor-section-stretched elementor-section-content-middle elementor-section-height-default elementor-section-items-middle\" data-id=\"6932aba\" data-element_type=\"section\" data-e-type=\"section\" data-settings=\"{&quot;stretch_section&quot;:&quot;section-stretched&quot;,&quot;background_background&quot;:&quot;classic&quot;,&quot;_ha_eqh_enable&quot;:false}\">\n\t\t\t\t\t\t\t<div class=\"elementor-background-overlay\"><\/div>\n\t\t\t\t\t\t\t<div class=\"elementor-container elementor-column-gap-default\">\n\t\t\t\t\t<div class=\"elementor-column elementor-col-100 elementor-top-column elementor-element elementor-element-5de9416\" data-id=\"5de9416\" data-element_type=\"column\" data-e-type=\"column\">\n\t\t\t<div class=\"elementor-widget-wrap elementor-element-populated\">\n\t\t\t\t\t\t<div class=\"elementor-element elementor-element-fd68219 elementor-widget elementor-widget-spacer\" data-id=\"fd68219\" data-element_type=\"widget\" data-e-type=\"widget\" data-widget_type=\"spacer.default\">\n\t\t\t\t<div class=\"elementor-widget-container\">\n\t\t\t\t\t\t\t<div class=\"elementor-spacer\">\n\t\t\t<div class=\"elementor-spacer-inner\"><\/div>\n\t\t<\/div>\n\t\t\t\t\t\t<\/div>\n\t\t\t\t<\/div>\n\t\t\t\t<div class=\"elementor-element elementor-element-dc1cc2f elementor-widget elementor-widget-heading\" data-id=\"dc1cc2f\" data-element_type=\"widget\" data-e-type=\"widget\" data-widget_type=\"heading.default\">\n\t\t\t\t<div class=\"elementor-widget-container\">\n\t\t\t\t\t<h1 class=\"elementor-heading-title elementor-size-default\">CANAL DO TITULAR DE DADOS <\/h1>\t\t\t\t<\/div>\n\t\t\t\t<\/div>\n\t\t\t\t\t<\/div>\n\t\t<\/div>\n\t\t\t\t\t<\/div>\n\t\t<\/section>\n\t\t\t\t<section class=\"elementor-section elementor-top-section elementor-element elementor-element-8260f64 elementor-section-stretched elementor-section-boxed elementor-section-height-default elementor-section-height-default\" data-id=\"8260f64\" data-element_type=\"section\" data-e-type=\"section\" data-settings=\"{&quot;stretch_section&quot;:&quot;section-stretched&quot;,&quot;_ha_eqh_enable&quot;:false}\">\n\t\t\t\t\t\t<div class=\"elementor-container elementor-column-gap-default\">\n\t\t\t\t\t<div class=\"elementor-column elementor-col-50 elementor-top-column elementor-element elementor-element-6039715\" data-id=\"6039715\" data-element_type=\"column\" data-e-type=\"column\">\n\t\t\t<div class=\"elementor-widget-wrap elementor-element-populated\">\n\t\t\t\t\t\t<div class=\"elementor-element elementor-element-ff8c188 elementor-widget elementor-widget-text-editor\" data-id=\"ff8c188\" data-element_type=\"widget\" data-e-type=\"widget\" data-widget_type=\"text-editor.default\">\n\t\t\t\t<div class=\"elementor-widget-container\">\n\t\t\t\t\t\t\t\t\t<p>Ao encaminhar a presente mensagem e fornecer os dados para a finalidade de dar cumprimento aos direitos dos titulares (demanda de informa\u00e7\u00e3o) previstos na Lei Geral de Prote\u00e7\u00e3o de Dados (lei 13.709\/2018), o requerente declara ter conhecimento e concordar com o\u00a0<a href=\"https:\/\/serpros.com.br\/wp-content\/uploads\/2020\/08\/TERMO-DE-PRIVACIDADE_SERPROS_2020.pdf\" target=\"_blank\" rel=\"noopener\"><strong><span style=\"color: #484848;\">Termo de Privacidade<\/span><\/strong><\/a> da Agemais Gest\u00e3o Empresarial e autoriza o tratamento de seus dados para essa finalidade.<\/p>\t\t\t\t\t\t\t\t<\/div>\n\t\t\t\t<\/div>\n\t\t\t\t\t<\/div>\n\t\t<\/div>\n\t\t\t\t<div class=\"elementor-column elementor-col-50 elementor-top-column elementor-element elementor-element-1dd004a\" data-id=\"1dd004a\" data-element_type=\"column\" data-e-type=\"column\">\n\t\t\t<div class=\"elementor-widget-wrap elementor-element-populated\">\n\t\t\t\t\t\t<div class=\"elementor-element elementor-element-5182a91 elementor-widget elementor-widget-heading\" data-id=\"5182a91\" data-element_type=\"widget\" data-e-type=\"widget\" data-widget_type=\"heading.default\">\n\t\t\t\t<div class=\"elementor-widget-container\">\n\t\t\t\t\t<h2 class=\"elementor-heading-title elementor-size-default\">Requerer Direitos do Titular de Dados<\/h2>\t\t\t\t<\/div>\n\t\t\t\t<\/div>\n\t\t\t\t<div class=\"elementor-element elementor-element-414ffb8 elementor-button-align-stretch elementor-widget elementor-widget-form\" data-id=\"414ffb8\" data-element_type=\"widget\" data-e-type=\"widget\" data-settings=\"{&quot;step_next_label&quot;:&quot;Pr\\u00f3ximo&quot;,&quot;step_previous_label&quot;:&quot;Anterior&quot;,&quot;button_width&quot;:&quot;100&quot;,&quot;step_type&quot;:&quot;number_text&quot;,&quot;step_icon_shape&quot;:&quot;circle&quot;}\" data-widget_type=\"form.default\">\n\t\t\t\t<div class=\"elementor-widget-container\">\n\t\t\t\t\t\t\t<form class=\"elementor-form\" method=\"post\" name=\"New Form\" aria-label=\"New Form\">\n\t\t\t<input type=\"hidden\" name=\"post_id\" value=\"2288\"\/>\n\t\t\t<input type=\"hidden\" name=\"form_id\" value=\"414ffb8\"\/>\n\t\t\t<input type=\"hidden\" name=\"referer_title\" value=\"\" \/>\n\n\t\t\t\n\t\t\t<div class=\"elementor-form-fields-wrapper elementor-labels-\">\n\t\t\t\t\t\t\t\t<div class=\"elementor-field-type-text elementor-field-group elementor-column elementor-field-group-name elementor-col-100 elementor-field-required\">\n\t\t\t\t\t\t\t\t\t\t\t\t<label for=\"form-field-name\" class=\"elementor-field-label elementor-screen-only\">\n\t\t\t\t\t\t\t\tNome\t\t\t\t\t\t\t<\/label>\n\t\t\t\t\t\t\t\t\t\t\t\t\t\t<input size=\"1\" type=\"text\" name=\"form_fields[name]\" id=\"form-field-name\" class=\"elementor-field elementor-size-md  elementor-field-textual\" placeholder=\"Nome\" required=\"required\">\n\t\t\t\t\t\t\t\t\t\t\t<\/div>\n\t\t\t\t\t\t\t\t<div class=\"elementor-field-type-email elementor-field-group elementor-column elementor-field-group-email elementor-col-100 elementor-field-required\">\n\t\t\t\t\t\t\t\t\t\t\t\t<label for=\"form-field-email\" class=\"elementor-field-label elementor-screen-only\">\n\t\t\t\t\t\t\t\tEmail\t\t\t\t\t\t\t<\/label>\n\t\t\t\t\t\t\t\t\t\t\t\t\t\t<input size=\"1\" type=\"email\" name=\"form_fields[email]\" id=\"form-field-email\" class=\"elementor-field elementor-size-md  elementor-field-textual\" placeholder=\"Email\" required=\"required\">\n\t\t\t\t\t\t\t\t\t\t\t<\/div>\n\t\t\t\t\t\t\t\t<div class=\"elementor-field-type-number elementor-field-group elementor-column elementor-field-group-field_70c2f24 elementor-col-100 elementor-field-required\">\n\t\t\t\t\t\t\t\t\t\t\t\t<label for=\"form-field-field_70c2f24\" class=\"elementor-field-label elementor-screen-only\">\n\t\t\t\t\t\t\t\tCPF\t\t\t\t\t\t\t<\/label>\n\t\t\t\t\t\t\t\t\t<input type=\"number\" name=\"form_fields[field_70c2f24]\" id=\"form-field-field_70c2f24\" class=\"elementor-field elementor-size-md  elementor-field-textual\" placeholder=\"Telefone\" required=\"required\" min=\"\" max=\"\" >\n\t\t\t\t\t\t<\/div>\n\t\t\t\t\t\t\t\t<div class=\"elementor-field-type-html elementor-field-group elementor-column elementor-field-group-field_73717c4 elementor-col-100\">\n\t\t\t\t\tSelecione a op\u00e7\u00e3o:\t\t\t\t<\/div>\n\t\t\t\t\t\t\t\t<div class=\"elementor-field-type-select elementor-field-group elementor-column elementor-field-group-field_553c3c8 elementor-col-100 elementor-field-required\">\n\t\t\t\t\t\t\t<div class=\"elementor-field elementor-select-wrapper remove-before \">\n\t\t\t<div class=\"select-caret-down-wrapper\">\n\t\t\t\t<svg aria-hidden=\"true\" class=\"e-font-icon-svg e-eicon-caret-down\" viewBox=\"0 0 571.4 571.4\" xmlns=\"http:\/\/www.w3.org\/2000\/svg\"><path d=\"M571 393Q571 407 561 418L311 668Q300 679 286 679T261 668L11 418Q0 407 0 393T11 368 36 357H536Q550 357 561 368T571 393Z\"><\/path><\/svg>\t\t\t<\/div>\n\t\t\t<select name=\"form_fields[field_553c3c8]\" id=\"form-field-field_553c3c8\" class=\"elementor-field-textual elementor-size-md\" required=\"required\">\n\t\t\t\t\t\t\t\t\t<option value=\"Acesso aos dados\">Acesso aos dados<\/option>\n\t\t\t\t\t\t\t\t\t<option value=\"Corre\u00e7\u00e3o de dados incompletos, inexatos ou desatualizados\">Corre\u00e7\u00e3o de dados incompletos, inexatos ou desatualizados<\/option>\n\t\t\t\t\t\t\t\t\t<option value=\"Anonimiza\u00e7\u00e3o\/Bloqueio\/Corre\u00e7\u00e3o de dados desnecess\u00e1rios, excessivos ou tratados em desconformidade\">Anonimiza\u00e7\u00e3o\/Bloqueio\/Corre\u00e7\u00e3o de dados desnecess\u00e1rios, excessivos ou tratados em desconformidade<\/option>\n\t\t\t\t\t\t\t\t\t<option value=\"Portabilidade (A ser regulamentado pela ANPD)\">Portabilidade (A ser regulamentado pela ANPD)<\/option>\n\t\t\t\t\t\t\t\t\t<option value=\"Elimina\u00e7\u00e3o de dados tratados com o consentimento do titular (exceto as hip\u00f3teses do art. 16 da lei 13.709\/2018\">Elimina\u00e7\u00e3o de dados tratados com o consentimento do titular (exceto as hip\u00f3teses do art. 16 da lei 13.709\/2018<\/option>\n\t\t\t\t\t\t\t\t\t<option value=\"Informa\u00e7\u00f5es sobre compartilhamento\">Informa\u00e7\u00f5es sobre compartilhamento<\/option>\n\t\t\t\t\t\t\t\t\t<option value=\"Informa\u00e7\u00f5es sobre n\u00e3o fornecer consentimentos e as consequ\u00eancias negativas\">Informa\u00e7\u00f5es sobre n\u00e3o fornecer consentimentos e as consequ\u00eancias negativas<\/option>\n\t\t\t\t\t\t\t\t\t<option value=\"Revoga\u00e7\u00e3o do consentimento, quando o tratamento se basear no consentimento\">Revoga\u00e7\u00e3o do consentimento, quando o tratamento se basear no consentimento<\/option>\n\t\t\t\t\t\t\t\t\t<option value=\"Revis\u00e3o de decis\u00e3o tomada unicamente com base em tratamento automatizado\">Revis\u00e3o de decis\u00e3o tomada unicamente com base em tratamento automatizado<\/option>\n\t\t\t\t\t\t\t\t\t<option value=\"Confirma\u00e7\u00e3o da exist\u00eancia de tratamento\">Confirma\u00e7\u00e3o da exist\u00eancia de tratamento<\/option>\n\t\t\t\t\t\t\t<\/select>\n\t\t<\/div>\n\t\t\t\t\t\t<\/div>\n\t\t\t\t\t\t\t\t<div class=\"elementor-field-type-acceptance elementor-field-group elementor-column elementor-field-group-politica elementor-col-100 elementor-field-required\">\n\t\t\t\t\t\t\t<div class=\"elementor-field-subgroup\">\n\t\t\t<span class=\"elementor-field-option\">\n\t\t\t\t<input type=\"checkbox\" name=\"form_fields[politica]\" id=\"form-field-politica\" class=\"elementor-field elementor-size-md  elementor-acceptance-field\" required=\"required\">\n\t\t\t\t<label for=\"form-field-politica\">Declaro que li os termos de Pol\u00edtica de Privacidade.<\/label>\t\t\t<\/span>\n\t\t<\/div>\n\t\t\t\t\t\t<\/div>\n\t\t\t\t\t\t\t\t<div class=\"elementor-field-type-recaptcha elementor-field-group elementor-column elementor-field-group-field_8c2d4d8 elementor-col-100\">\n\t\t\t\t\t<div class=\"elementor-field\" id=\"form-field-field_8c2d4d8\"><div class=\"elementor-g-recaptcha\" data-sitekey=\"6LenfdQpAAAAABv9HAj1z_Xb39Of1JtGW-xn-CTN\" data-type=\"v2_checkbox\" data-theme=\"light\" data-size=\"normal\"><\/div><\/div>\t\t\t\t<\/div>\n\t\t\t\t\t\t\t\t<div class=\"elementor-field-group elementor-column elementor-field-type-submit elementor-col-100 e-form__buttons\">\n\t\t\t\t\t<button class=\"elementor-button elementor-size-md\" type=\"submit\">\n\t\t\t\t\t\t<span class=\"elementor-button-content-wrapper\">\n\t\t\t\t\t\t\t\t\t\t\t\t\t\t\t\t\t\t\t\t\t\t<span class=\"elementor-button-text\">Enviar<\/span>\n\t\t\t\t\t\t\t\t\t\t\t\t\t<\/span>\n\t\t\t\t\t<\/button>\n\t\t\t\t<\/div>\n\t\t\t<\/div>\n\t\t<\/form>\n\t\t\t\t\t\t<\/div>\n\t\t\t\t<\/div>\n\t\t\t\t\t<\/div>\n\t\t<\/div>\n\t\t\t\t\t<\/div>\n\t\t<\/section>\n\t\t\t\t<\/div>\n\t\t","protected":false},"excerpt":{"rendered":"<p>CANAL DO TITULAR DE DADOS Ao encaminhar a presente mensagem e fornecer os dados para a finalidade de dar cumprimento aos direitos dos titulares (demanda de informa\u00e7\u00e3o) previstos na Lei Geral de Prote\u00e7\u00e3o de Dados (lei 13.709\/2018), o requerente declara ter conhecimento e concordar com o\u00a0Termo de Privacidade da Agemais Gest\u00e3o Empresarial e autoriza o [&hellip;]<\/p>\n","protected":false},"author":1,"featured_media":0,"parent":0,"menu_order":0,"comment_status":"closed","ping_status":"closed","template":"elementor_header_footer","meta":{"inline_featured_image":false,"footnotes":""},"class_list":["post-2288","page","type-page","status-publish","hentry"],"_links":{"self":[{"href":"https:\/\/www.agemais.net.br\/index.php\/wp-json\/wp\/v2\/pages\/2288","targetHints":{"allow":["GET"]}}],"collection":[{"href":"https:\/\/www.agemais.net.br\/index.php\/wp-json\/wp\/v2\/pages"}],"about":[{"href":"https:\/\/www.agemais.net.br\/index.php\/wp-json\/wp\/v2\/types\/page"}],"author":[{"embeddable":true,"href":"https:\/\/www.agemais.net.br\/index.php\/wp-json\/wp\/v2\/users\/1"}],"replies":[{"embeddable":true,"href":"https:\/\/www.agemais.net.br\/index.php\/wp-json\/wp\/v2\/comments?post=2288"}],"version-history":[{"count":18,"href":"https:\/\/www.agemais.net.br\/index.php\/wp-json\/wp\/v2\/pages\/2288\/revisions"}],"predecessor-version":[{"id":3345,"href":"https:\/\/www.agemais.net.br\/index.php\/wp-json\/wp\/v2\/pages\/2288\/revisions\/3345"}],"wp:attachment":[{"href":"https:\/\/www.agemais.net.br\/index.php\/wp-json\/wp\/v2\/media?parent=2288"}],"curies":[{"name":"wp","href":"https:\/\/api.w.org\/{rel}","templated":true}]}}