{"id":2723,"date":"2021-08-27T11:16:28","date_gmt":"2021-08-27T14:16:28","guid":{"rendered":"https:\/\/www.aliasgestao.com.br\/?page_id=2723"},"modified":"2021-12-28T10:54:34","modified_gmt":"2021-12-28T13:54:34","slug":"canal-de-denuncia","status":"publish","type":"page","link":"https:\/\/www.agemais.net.br\/index.php\/canal-de-denuncia\/","title":{"rendered":"Canal de Den\u00fancia"},"content":{"rendered":"<h1>CANAL DE DEN\u00daNCIA<\/h1>\n<h1>Fa\u00e7a a sua den\u00fancia<\/h1>\n<h2>Como funciona o Canal de Den\u00fancia?<\/h2>\n<p>As boas pr\u00e1ticas de governan\u00e7a corporativa e compliance constituem um pilar de sustenta\u00e7\u00e3o para os nossos neg\u00f3cios. Nossa prioridade \u00e9 atuar sempre orientados pela \u00e9tica, pela integridade e pela transpar\u00eancia.<\/p>\n<p>O Canal de Den\u00fancia serve para demonstrar, fortalecer e ampliar nosso comprometimento com a transpar\u00eancia e a \u00e9tica.<\/p>\n<p>O ambiente que \u00e9 proporcionado na AGEMAIS promove a prote\u00e7\u00e3o contra qualquer forma de retalia\u00e7\u00e3o aos que, de boa-f\u00e9, denunciarem a pr\u00e1tica de irregularidades.<\/p>\n<p>Esta ferramenta tem como ponto de sustenta\u00e7\u00e3o ser sigilosa e imparcial e est\u00e1 dispon\u00edvel para clientes, fornecedores e colaboradores.<\/p>\n<h2>Voc\u00ea pode formular den\u00fancias sobre:<\/h2>\n<ul>\n<li>\n\t\t\t\t\t\t\t\t\t\tFraude\n\t\t\t\t\t\t\t\t\t<\/li>\n<li>\n\t\t\t\t\t\t\t\t\t\tCorrup\u00e7\u00e3o\n\t\t\t\t\t\t\t\t\t<\/li>\n<li>\n\t\t\t\t\t\t\t\t\t\tLavagem de dinheiro\n\t\t\t\t\t\t\t\t\t<\/li>\n<li>\n\t\t\t\t\t\t\t\t\t\tConflito de Interesses\n\t\t\t\t\t\t\t\t\t<\/li>\n<\/ul>\n<ul>\n<li>\n\t\t\t\t\t\t\t\t\t\tRegistros Cont\u00e1beis\n\t\t\t\t\t\t\t\t\t<\/li>\n<li>\n\t\t\t\t\t\t\t\t\t\tAss\u00e9dios\n\t\t\t\t\t\t\t\t\t<\/li>\n<li>\n\t\t\t\t\t\t\t\t\t\tDiscrimina\u00e7\u00e3o\n\t\t\t\t\t\t\t\t\t<\/li>\n<li>\n\t\t\t\t\t\t\t\t\t\tOutras irregularidades\n\t\t\t\t\t\t\t\t\t<\/li>\n<\/ul>\n","protected":false},"excerpt":{"rendered":"<p>CANAL DE DEN\u00daNCIA Fa\u00e7a a sua den\u00fancia Como funciona o Canal de Den\u00fancia? As boas pr\u00e1ticas de governan\u00e7a corporativa e compliance constituem um pilar de sustenta\u00e7\u00e3o para os nossos neg\u00f3cios. Nossa prioridade \u00e9 atuar sempre orientados pela \u00e9tica, pela integridade e pela transpar\u00eancia. O Canal de Den\u00fancia serve para demonstrar, fortalecer e ampliar nosso comprometimento [&hellip;]<\/p>\n","protected":false},"author":1,"featured_media":0,"parent":0,"menu_order":0,"comment_status":"closed","ping_status":"closed","template":"elementor_header_footer","meta":{"footnotes":""},"class_list":["post-2723","page","type-page","status-publish","hentry"],"_links":{"self":[{"href":"https:\/\/www.agemais.net.br\/index.php\/wp-json\/wp\/v2\/pages\/2723","targetHints":{"allow":["GET"]}}],"collection":[{"href":"https:\/\/www.agemais.net.br\/index.php\/wp-json\/wp\/v2\/pages"}],"about":[{"href":"https:\/\/www.agemais.net.br\/index.php\/wp-json\/wp\/v2\/types\/page"}],"author":[{"embeddable":true,"href":"https:\/\/www.agemais.net.br\/index.php\/wp-json\/wp\/v2\/users\/1"}],"replies":[{"embeddable":true,"href":"https:\/\/www.agemais.net.br\/index.php\/wp-json\/wp\/v2\/comments?post=2723"}],"version-history":[{"count":12,"href":"https:\/\/www.agemais.net.br\/index.php\/wp-json\/wp\/v2\/pages\/2723\/revisions"}],"predecessor-version":[{"id":3310,"href":"https:\/\/www.agemais.net.br\/index.php\/wp-json\/wp\/v2\/pages\/2723\/revisions\/3310"}],"wp:attachment":[{"href":"https:\/\/www.agemais.net.br\/index.php\/wp-json\/wp\/v2\/media?parent=2723"}],"curies":[{"name":"wp","href":"https:\/\/api.w.org\/{rel}","templated":true}]}}