{"id":914,"date":"2021-07-19T20:37:49","date_gmt":"2021-07-19T23:37:49","guid":{"rendered":"https:\/\/www.aliasgestao.com.br\/?page_id=914"},"modified":"2021-12-28T10:52:28","modified_gmt":"2021-12-28T13:52:28","slug":"agemais-lgpd","status":"publish","type":"page","link":"https:\/\/www.agemais.net.br\/index.php\/agemais-lgpd\/","title":{"rendered":"AGEMAIS LGPD"},"content":{"rendered":"<h1>AGEMAIS LGPD<\/h1>\n<h2>O que \u00e9 LGPD? <\/h2>\n<p><strong>A Lei Geral de Prote\u00e7\u00e3o de Dados* <\/strong>regulamenta como as empresas brasileiras coletam, armazenam e usam dados pessoais. Mas, o que s\u00e3o esses dados? S\u00e3o todas as informa\u00e7\u00f5es relacionadas a pessoa natural identificada ou identific\u00e1vel.<\/p>\n<p>*<strong><a style=\"color: #484848;\" href=\"http:\/\/www.planalto.gov.br\/ccivil_03\/_ato2015-2018\/2018\/lei\/l13709.htm\" target=\"_blank\" rel=\"noopener\">Lei N\u00ba 13.709, de 14 de agosto de 2018<\/a><\/strong><a href=\"planalto.gov.br\/ccivil_03\/_ato2015-2018\/2018\/lei\/l13709.htm\"><strong>,<\/strong><\/a> alterada pela <strong><a style=\"color: #484848;\" href=\"http:\/\/legislacao.planalto.gov.br\/legisla\/legislacao.nsf\/Viw_Identificacao\/lei%2013.853-2019?OpenDocument\" target=\"_blank\" rel=\"noopener\">Lei n\u00ba 13.853, de 8 de julho de 2019<\/a><\/strong><\/p>\n<p>\t\t\t\t\t\t\t\t\t\t\t\t\t\t\t<img decoding=\"async\" width=\"580\" height=\"410\" src=\"https:\/\/www.aliasgestao.com.br\/wp-content\/uploads\/2021\/07\/11.png\" alt=\"\" loading=\"lazy\" srcset=\"https:\/\/www.aliasgestao.com.br\/wp-content\/uploads\/2021\/07\/11.png 842w, https:\/\/www.aliasgestao.com.br\/wp-content\/uploads\/2021\/07\/11-300x212.png 300w, https:\/\/www.aliasgestao.com.br\/wp-content\/uploads\/2021\/07\/11-768x543.png 768w\" sizes=\"auto, (max-width: 580px) 100vw, 580px\" \/>\t\t\t\t\t\t\t\t\t\t\t\t\t\t\t<\/p>\n<h2>Por que minha empresa deve adequar-se \u00e0 LGPD? <\/h2>\n<p>Apesar de ter sido promulgada em 2018, \u00e9 em agosto de 2021 que entrou em vigor a Lei no Brasil, ou seja, todos os artigos incluindo suas san\u00e7\u00f5es passam a ser aplicadas em territ\u00f3rio nacional.<\/p>\n<p>\t\t\t\t\t\t\t\t\t\t\t\t\t\t\t<img decoding=\"async\" width=\"580\" height=\"410\" src=\"https:\/\/www.aliasgestao.com.br\/wp-content\/uploads\/2021\/07\/12.png\" alt=\"\" loading=\"lazy\" srcset=\"https:\/\/www.aliasgestao.com.br\/wp-content\/uploads\/2021\/07\/12.png 842w, https:\/\/www.aliasgestao.com.br\/wp-content\/uploads\/2021\/07\/12-300x212.png 300w, https:\/\/www.aliasgestao.com.br\/wp-content\/uploads\/2021\/07\/12-768x543.png 768w\" sizes=\"auto, (max-width: 580px) 100vw, 580px\" \/>\t\t\t\t\t\t\t\t\t\t\t\t\t\t\t<\/p>\n<h2>Motivos para ficar em conformidade com a LGPD: <\/h2>\n<ul>\n<li>N\u00e3o receber a\u00e7\u00f5es judiciais;<\/li>\n<li>N\u00e3o perder seu valor de mercado com inseguran\u00e7a em processos;<\/li>\n<li>Adequa\u00e7\u00f5es com fornecedores;<\/li>\n<li>Reduzir riscos de parada nos neg\u00f3cios de sua empresa;<\/li>\n<li>Mais seguran\u00e7a jur\u00eddica para sua empresa.<\/li>\n<\/ul>\n<p>\t\t\t\t\t\t\t\t\t\t\t\t\t\t\t<img decoding=\"async\" width=\"580\" height=\"410\" src=\"https:\/\/www.aliasgestao.com.br\/wp-content\/uploads\/2021\/07\/14.png\" alt=\"\" loading=\"lazy\" srcset=\"https:\/\/www.aliasgestao.com.br\/wp-content\/uploads\/2021\/07\/14.png 842w, https:\/\/www.aliasgestao.com.br\/wp-content\/uploads\/2021\/07\/14-300x212.png 300w, https:\/\/www.aliasgestao.com.br\/wp-content\/uploads\/2021\/07\/14-768x543.png 768w\" sizes=\"auto, (max-width: 580px) 100vw, 580px\" \/>\t\t\t\t\t\t\t\t\t\t\t\t\t\t\t<\/p>\n<h2>Kickoff Meeting<\/h2>\n<ol>\n<li>Iremos entender a sua necessidade atrav\u00e9s de Reuni\u00e3o inicial (Kickoff meeting);<\/li>\n<li>Formataremos uma proposta t\u00e9cnica e comercial idealizada com base na realidade do seu neg\u00f3cio.<\/li>\n<\/ol>\n<p>\t\t\t\t\t\t\t\t\t\t\t\t\t\t\t<img decoding=\"async\" width=\"580\" height=\"410\" src=\"https:\/\/www.aliasgestao.com.br\/wp-content\/uploads\/2021\/07\/15.png\" alt=\"\" loading=\"lazy\" srcset=\"https:\/\/www.aliasgestao.com.br\/wp-content\/uploads\/2021\/07\/15.png 842w, https:\/\/www.aliasgestao.com.br\/wp-content\/uploads\/2021\/07\/15-300x212.png 300w, https:\/\/www.aliasgestao.com.br\/wp-content\/uploads\/2021\/07\/15-768x543.png 768w\" sizes=\"auto, (max-width: 580px) 100vw, 580px\" \/>\t\t\t\t\t\t\t\t\t\t\t\t\t\t\t<\/p>\n<h2>Confira nosso fluxo de trabalho:<\/h2>\n<p>\t\t\t\t\t\t\t\t\t\t\t\t\t\t\t<img decoding=\"async\" width=\"580\" height=\"580\" src=\"https:\/\/www.aliasgestao.com.br\/wp-content\/uploads\/2021\/07\/grafico-3editado-no-illustrator5a.svg\" alt=\"\" loading=\"lazy\" srcset=\"https:\/\/www.aliasgestao.com.br\/wp-content\/uploads\/\/2021\/07\/grafico-3editado-no-illustrator5a.svg 150w, https:\/\/www.aliasgestao.com.br\/wp-content\/uploads\/\/2021\/07\/grafico-3editado-no-illustrator5a.svg 300w, https:\/\/www.aliasgestao.com.br\/wp-content\/uploads\/\/2021\/07\/grafico-3editado-no-illustrator5a.svg 1024w\" sizes=\"auto, (max-width: 580px) 100vw, 580px\" \/>\t\t\t\t\t\t\t\t\t\t\t\t\t\t\t<\/p>\n<h2>Desenvolveremos os seguintes passos:<\/h2>\n<p>\t\t\t\t\t\t\t\t\tEncarregado de dados<br \/>\n\t\t\t\t\t\t\t\t\tConscientiza\u00e7\u00e3o<br \/>\n\t\t\t\t\t\t\t\t\tMapeamento de dados<br \/>\n\t\t\t\t\t\t\t\t\tGAP Analysis<br \/>\n\t\t\t\t\t\t\t\t\tRevisar documenta\u00e7\u00e3o<br \/>\n\t\t\t\t\t\t\t\t\tPlanejamento<br \/>\n\t\t\t\t\t\t\t\t\tImplementa\u00e7\u00e3o<br \/>\n\t\t\t\t\t\t\t\t\tEncarregado de dados<\/p>\n<p>Designar um Encarregado de Dados (DPO) na sua empresa.<\/p>\n<p>\t\t\t\t\t\t\t\t\tConscientiza\u00e7\u00e3o<\/p>\n<p>\u00a0Treinamento inicial aos profissionais envolvidos com o manuseio e tratamento de dados pessoais.<\/p>\n<p>\t\t\t\t\t\t\t\t\tMapeamento de dados<\/p>\n<p>An\u00e1lise do caminho que o dado pessoal percorre desde o momento em que \u00e9 coletado at\u00e9 o seu descarte.<\/p>\n<p>\t\t\t\t\t\t\t\t\tGAP Analysis<\/p>\n<p>An\u00e1lise das respostas aos question\u00e1rios de levantamento de dados com o objetivo\u00a0de\u00a0realizar uma avalia\u00e7\u00e3o dos procedimentos que tratam dados pessoais e seus eventuais riscos.<\/p>\n<p>\t\t\t\t\t\t\t\t\tRevisar documenta\u00e7\u00e3o<\/p>\n<p>Pol\u00edtica de privacidade, termos de consentimento, contratos com Clientes, Fornecedores e Colaboradores, outros.<\/p>\n<p>\t\t\t\t\t\t\t\t\tPlanejamento<\/p>\n<p>An\u00e1lise das medidas a serem implementadas de acordo com as rotinas da empresa.<\/p>\n<p>\t\t\t\t\t\t\t\t\tImplementa\u00e7\u00e3o<\/p>\n<p>Elabora\u00e7\u00e3o dos documentos necess\u00e1rios para formaliza\u00e7\u00e3o das medidas aplicadas.<\/p>\n<p>\t\t\t\t\t\t\t\t\t\t\t\t\t\t\t<img decoding=\"async\" width=\"580\" height=\"387\" src=\"https:\/\/www.aliasgestao.com.br\/wp-content\/uploads\/2021\/08\/portrait-of-a-smiling-woman-making-notes-1024x683.jpg\" alt=\"\" loading=\"lazy\" srcset=\"https:\/\/www.aliasgestao.com.br\/wp-content\/uploads\/2021\/08\/portrait-of-a-smiling-woman-making-notes-1024x683.jpg 1024w, https:\/\/www.aliasgestao.com.br\/wp-content\/uploads\/2021\/08\/portrait-of-a-smiling-woman-making-notes-300x200.jpg 300w, https:\/\/www.aliasgestao.com.br\/wp-content\/uploads\/2021\/08\/portrait-of-a-smiling-woman-making-notes-768x512.jpg 768w, https:\/\/www.aliasgestao.com.br\/wp-content\/uploads\/2021\/08\/portrait-of-a-smiling-woman-making-notes-1200x800.jpg 1200w, https:\/\/www.aliasgestao.com.br\/wp-content\/uploads\/2021\/08\/portrait-of-a-smiling-woman-making-notes.jpg 1500w\" sizes=\"auto, (max-width: 580px) 100vw, 580px\" \/>\t\t\t\t\t\t\t\t\t\t\t\t\t\t\t<\/p>\n<h2>Conhe\u00e7a nossos especialistas:<\/h2>\n<p>\t\t\t\t\t\t\t\t\t\t\t\t\t\t\t<img decoding=\"async\" src=\"https:\/\/www.aliasgestao.com.br\/wp-content\/plugins\/elementor\/assets\/images\/placeholder.png\" title=\"\" alt=\"\" \/>\t\t\t\t\t\t\t\t\t\t\t\t\t\t\t<\/p>\n<h2>Dra. Brunna Busato<\/h2>\n<p>\t\tAdvogada<br \/> Especialista em LGPD<br \/>\n\t\t\t\t\t\t\t\t\t\t\t\t\t\t\t<img decoding=\"async\" src=\"https:\/\/www.aliasgestao.com.br\/wp-content\/plugins\/elementor\/assets\/images\/placeholder.png\" title=\"\" alt=\"\" \/>\t\t\t\t\t\t\t\t\t\t\t\t\t\t\t<\/p>\n<h2>Dra. Paula Let\u00edcia <br \/>Bronemann Miner<\/h2>\n<p>Advogada <br \/>Especialista em LGPD (Membro da Associa\u00e7\u00e3o Nacional de Advogados de Direito Digital &#8211; ANADD)<\/p>\n<p>\t\t\t\t\t\t\t\t\t\t\t\t\t\t\t<img decoding=\"async\" src=\"https:\/\/www.aliasgestao.com.br\/wp-content\/plugins\/elementor\/assets\/images\/placeholder.png\" title=\"\" alt=\"\" \/>\t\t\t\t\t\t\t\t\t\t\t\t\t\t\t<\/p>\n<h2>Dr. Marcelo Jos\u00e9 Ciscato<\/h2>\n<p>\t\tAdvogado<br \/> Advocacia Empresarial\t\t<\/p>\n<h2>Quer adequar sua empresa \u00e0 LGPD? <\/h2>\n<p>Entre em contato conosco.<\/p>\n","protected":false},"excerpt":{"rendered":"<p>AGEMAIS LGPD O que \u00e9 LGPD? A Lei Geral de Prote\u00e7\u00e3o de Dados* regulamenta como as empresas brasileiras coletam, armazenam e usam dados pessoais. Mas, o que s\u00e3o esses dados? S\u00e3o todas as informa\u00e7\u00f5es relacionadas a pessoa natural identificada ou identific\u00e1vel. *Lei N\u00ba 13.709, de 14 de agosto de 2018, alterada pela Lei n\u00ba 13.853, [&hellip;]<\/p>\n","protected":false},"author":1,"featured_media":0,"parent":0,"menu_order":0,"comment_status":"closed","ping_status":"closed","template":"elementor_header_footer","meta":{"footnotes":""},"class_list":["post-914","page","type-page","status-publish","hentry"],"_links":{"self":[{"href":"https:\/\/www.agemais.net.br\/index.php\/wp-json\/wp\/v2\/pages\/914","targetHints":{"allow":["GET"]}}],"collection":[{"href":"https:\/\/www.agemais.net.br\/index.php\/wp-json\/wp\/v2\/pages"}],"about":[{"href":"https:\/\/www.agemais.net.br\/index.php\/wp-json\/wp\/v2\/types\/page"}],"author":[{"embeddable":true,"href":"https:\/\/www.agemais.net.br\/index.php\/wp-json\/wp\/v2\/users\/1"}],"replies":[{"embeddable":true,"href":"https:\/\/www.agemais.net.br\/index.php\/wp-json\/wp\/v2\/comments?post=914"}],"version-history":[{"count":16,"href":"https:\/\/www.agemais.net.br\/index.php\/wp-json\/wp\/v2\/pages\/914\/revisions"}],"predecessor-version":[{"id":3303,"href":"https:\/\/www.agemais.net.br\/index.php\/wp-json\/wp\/v2\/pages\/914\/revisions\/3303"}],"wp:attachment":[{"href":"https:\/\/www.agemais.net.br\/index.php\/wp-json\/wp\/v2\/media?parent=914"}],"curies":[{"name":"wp","href":"https:\/\/api.w.org\/{rel}","templated":true}]}}